{"id":364,"date":"2018-03-05T10:28:06","date_gmt":"2018-03-05T09:28:06","guid":{"rendered":"http:\/\/www.slt-steuerberatung.at\/?page_id=364"},"modified":"2019-09-05T11:23:20","modified_gmt":"2019-09-05T09:23:20","slug":"contact","status":"publish","type":"page","link":"https:\/\/www.slt-steuerberatung.at\/en\/contact\/","title":{"rendered":"Contact"},"content":{"rendered":"<p><strong>SLT Siart Lipkovich + Team GmbH &amp; Co KG<\/strong><br \/>\nWirtschaftspr\u00fcfungs- und<br \/>\nSteuerberatungsgesellschaft || <strong>audit and tax consulting firm<\/strong><\/p>\n<p>&nbsp;<\/p>\n<p><strong>Mag. Ren\u00e9 Lipkovich <\/strong><\/p>\n<p>Steuerberater und Wirtschaftspr\u00fcfer,<strong> || tax advisor and auditor<\/strong><br \/>\n<strong>Sachverst\u00e4ndiger f\u00fcr Rechnungswesen || accounting assessor<\/strong><\/p>\n<p>&nbsp;<\/p>\n<p><strong>Prof. Mag. Rudolf SIART<\/strong><br \/>\nSteuerberater und Wirtschaftspr\u00fcfer, || <strong>tax advisor and auditor<\/strong><br \/>\nSachverst\u00e4ndiger f\u00fcr Rechnungswesen || <strong>accounting assessor<\/strong><\/p>\n<p>&nbsp;<\/p>\n<p>Our address:<\/p>\n<p><strong>Thaliastra\u00dfe 85<\/strong><\/p>\n<p><strong>A-1160 Vienna<\/strong><\/p>\n<p>&nbsp;<\/p>\n<p>Phone \u2013 from within Austria: 01 <strong>493 13 99<\/strong><\/p>\n<p>Phone \u2013 from abroad: +43 1 493 13 99<\/p>\n<p>Fax: +43 (1) 493 13 99 \u2013 <strong>38<\/strong><\/p>\n<p>Email: <a href=\"mailto:slt@slt.at\">slt@slt.at<\/a><\/p>\n<p>Web: <a href=\"https:\/\/www.slt-steuerberatung.at\">www.slt-steuerberatung.at<\/a><\/p>\n<p>Facebook: <a href=\"https:\/\/www.facebook.com\/siartlipkovichteam\" target=\"_blank\" rel=\"noopener\">www.facebook.com\/siartlipkovichteam<\/a><\/p>\n","protected":false},"excerpt":{"rendered":"<p>SLT Siart Lipkovich + Team GmbH &amp; Co KG Wirtschaftspr\u00fcfungs- und Steuerberatungsgesellschaft || audit and tax consulting firm &nbsp; Mag. Ren\u00e9 Lipkovich Steuerberater und Wirtschaftspr\u00fcfer, || tax advisor and auditor Sachverst\u00e4ndiger f\u00fcr Rechnungswesen || accounting assessor &nbsp; Prof. Mag. Rudolf SIART Steuerberater und Wirtschaftspr\u00fcfer, || tax advisor and auditor Sachverst\u00e4ndiger f\u00fcr Rechnungswesen || accounting assessor [&hellip;]<\/p>\n","protected":false},"author":1,"featured_media":0,"parent":0,"menu_order":12,"comment_status":"closed","ping_status":"closed","template":"","meta":{"footnotes":""},"class_list":["post-364","page","type-page","status-publish","hentry"],"_links":{"self":[{"href":"https:\/\/www.slt-steuerberatung.at\/en\/wp-json\/wp\/v2\/pages\/364","targetHints":{"allow":["GET"]}}],"collection":[{"href":"https:\/\/www.slt-steuerberatung.at\/en\/wp-json\/wp\/v2\/pages"}],"about":[{"href":"https:\/\/www.slt-steuerberatung.at\/en\/wp-json\/wp\/v2\/types\/page"}],"author":[{"embeddable":true,"href":"https:\/\/www.slt-steuerberatung.at\/en\/wp-json\/wp\/v2\/users\/1"}],"replies":[{"embeddable":true,"href":"https:\/\/www.slt-steuerberatung.at\/en\/wp-json\/wp\/v2\/comments?post=364"}],"version-history":[{"count":3,"href":"https:\/\/www.slt-steuerberatung.at\/en\/wp-json\/wp\/v2\/pages\/364\/revisions"}],"predecessor-version":[{"id":5794,"href":"https:\/\/www.slt-steuerberatung.at\/en\/wp-json\/wp\/v2\/pages\/364\/revisions\/5794"}],"wp:attachment":[{"href":"https:\/\/www.slt-steuerberatung.at\/en\/wp-json\/wp\/v2\/media?parent=364"}],"curies":[{"name":"wp","href":"https:\/\/api.w.org\/{rel}","templated":true}]}}